{"id":38,"date":"2009-03-18T15:45:16","date_gmt":"2009-03-18T18:45:16","guid":{"rendered":"http:\/\/www.ena.edu.ar\/wp\/?page_id=38"},"modified":"2019-08-21T21:57:49","modified_gmt":"2019-08-21T21:57:49","slug":"historia","status":"publish","type":"page","link":"https:\/\/www.ena.edu.ar\/wp\/about\/historia\/","title":{"rendered":"Historia"},"content":{"rendered":"\n<p>El 27 de agosto de 1904 visionarios gobernantes vislumbraron la importancia de la educaci\u00f3n agropecuaria, proyect\u00e1ndose as\u00ed en la creaci\u00f3n del actual <strong>Instituto Provincial de Ense\u00f1anza Agrot\u00e9cnica<\/strong>:&nbsp;<strong>I.P.E.A. N\u00ba 293 \u00abAgr. Orestes Chiesa Molinari\u00bb<\/strong>.<\/p>\n\n\n\n<div class=\"wp-block-image\"><figure class=\"aligncenter\"><a href=\"http:\/\/www.ena.edu.ar\/wp\/wp-content\/uploads\/2019\/08\/frente800.jpg\"><img loading=\"lazy\" decoding=\"async\" width=\"800\" height=\"600\" src=\"http:\/\/www.ena.edu.ar\/wp\/wp-content\/uploads\/2019\/08\/frente800.jpg\" alt=\"\" class=\"wp-image-3079 colorbox-38\" srcset=\"https:\/\/www.ena.edu.ar\/wp\/wp-content\/uploads\/2019\/08\/frente800.jpg 800w, https:\/\/www.ena.edu.ar\/wp\/wp-content\/uploads\/2019\/08\/frente800-300x225.jpg 300w, https:\/\/www.ena.edu.ar\/wp\/wp-content\/uploads\/2019\/08\/frente800-768x576.jpg 768w\" sizes=\"(max-width: 800px) 100vw, 800px\" \/><\/a><figcaption>Ingreso a la escuela por Ruta Nacional N\u00b0 9<\/figcaption><\/figure><\/div>\n\n\n\n<p>El antiguo Hotel de Inmigrantes alberg\u00f3 a los primeros&#8230; Los s\u00f3lidos muros a\u00fan mantienen su silueta como mudos testigos del tiempo transcurrido.<\/p>\n\n\n\n<p>La escuela de Lecher\u00eda y Practicultura de Bell Ville fue el inicio de una fecunda labor con proyecci\u00f3n de futuro porque naci\u00f3 con el destino de las obras grandes; imperecederas&#8230; Brill\u00f3 como foco de irradiaci\u00f3n de cultura agropecuaria durante toda su existencia y lleg\u00f3 a convertirse en una de los centros m\u00e1s destacados de Latinoam\u00e9rica, haci\u00e9ndose eco tambi\u00e9n en Europa.<\/p>\n\n\n\n<p>Sus ex-alumnos recogieron aqu\u00ed la semilla de futuro\u2026 la sembraron, enriquecieron y la llevaron lejos como mensaje desparramado a todos los vientos. Ellos volaron a todos los rumbos\u2026 por pampas y cumbres, por montes y abismos. y all\u00ed, donde hab\u00eda una necesidad estuvieron firmes&#8230; No importa si lejos o cerca&#8230; confortable o inh\u00f3spito&#8230; fertilidad o aridez. Y all\u00ed seguir\u00e1n en la vida y el quehacer de los pueblos, son los que responder\u00e1n con un \u201call\u00ed voy\u201d al llamado de la tierra.<\/p>\n\n\n\n<p>La E.N.A. Escuela Nacional de Agricultura, denominaci\u00f3n que conjuga amistad, estudio y trabajo, fue llamada as\u00ed en 1936, cuando depend\u00eda del Ministerio de Agricultura y Ganader\u00eda de la Naci\u00f3n.<\/p>\n\n\n\n<p>En 1968 recibe una nueva denominaci\u00f3n \u201cEscuela Agrot\u00e9cnica\u201d, dependiente del Ministerio de Educaci\u00f3n de la Naci\u00f3n y hacia 1990 cambi\u00f3 su nombre: un destacado agr\u00f3nomo Cordob\u00e9s \u201cAgr. Orestes Chiesa Molinari\u201d fue recordado aqu\u00ed por una Resoluci\u00f3n Ministerial.<br>Tres a\u00f1os m\u00e1s tarde (1993), los servicios educativos Nacionales pasan a la \u00f3rbita Provincial, dependiente del Ministerio de Educaci\u00f3n de la Provincia de C\u00f3rdoba.<\/p>\n\n\n\n<p>En 1997 conforme a la decisi\u00f3n de las autoridades de la D.E.M.(Direcci\u00f3n de Ense\u00f1anza Media) fue unificada la nominaci\u00f3n de todos los Establecimientos de Nivel Medio, y pasan a llamarse I.P.E.M.(Instituto Provincial de Educaci\u00f3n Media), recibiendo as\u00ed el nombre , I.P.E.M. N\u00ba 293 \u201cAgr. Orestes Chiesa Molinari\u201d.A partir del a\u00f1o 2011 y por Decreto 1322 recibe el nombre que actualmente ostenta:&nbsp;<strong>I.P.E.A. N\u00ba 293 \u00abAgr. Orestes Chiesa Molinari\u00bb<\/strong>.<\/p>\n\n\n\n<p><span style=\"line-height: 1.714285714; font-size: 1rem;\">Los planes de estudio fueron cambiando al son de las necesidades de la Patria grande y generosa. La actual Educaci\u00f3n forma en los alumnos criterios morales e intelectuales, aseguran una formaci\u00f3n humanista y cient\u00edfica moderna y capacitan para la continuaci\u00f3n de los estudios superiores y el desempe\u00f1o en el mundo del trabajo y la producci\u00f3n.<\/span><\/p>\n\n\n\n<hr class=\"wp-block-separator\"\/>\n\n\n\n<h3 class=\"wp-block-heading\">Historia del Escudo de la Escuela<\/h3>\n\n\n\n<p>El dise\u00f1o del escudo de nuestra escuela fue realizado por los alumnos de la promoci\u00f3n 1964, con el objeto de tener un distintivo para un viaje de estudio.<\/p>\n\n\n\n<p>Luego de consensuar, el grupo decidi\u00f3 utilizar los siguientes colores:&nbsp;<em>Rojo<\/em>&nbsp;por el color de la sangre de los animales y&nbsp;<em>verde<\/em>&nbsp;por la pradera.<\/p>\n\n\n\n<p>En el dise\u00f1o incluyeron la cabeza del toro, por un toro perteneciente a la caba\u00f1a de la escuela llamado Wili; la espiga de trigo, que representa al cultivo que se sembraba y la mano del hombre, quien cr\u00eda y cosecha.<\/p>\n\n\n\n<div class=\"wp-block-image\"><figure class=\"aligncenter\"><a href=\"http:\/\/www.ena.edu.ar\/wp\/wp-content\/uploads\/2009\/03\/logo-ipea.jpg\"><img loading=\"lazy\" decoding=\"async\" width=\"235\" height=\"300\" src=\"http:\/\/www.ena.edu.ar\/wp\/wp-content\/uploads\/2009\/03\/logo-ipea-235x300.jpg\" alt=\"Logo I.P.E.A. N\u00b0 293\" class=\"wp-image-1882 colorbox-38\" srcset=\"https:\/\/www.ena.edu.ar\/wp\/wp-content\/uploads\/2009\/03\/logo-ipea-235x300.jpg 235w, https:\/\/www.ena.edu.ar\/wp\/wp-content\/uploads\/2009\/03\/logo-ipea.jpg 400w\" sizes=\"(max-width: 235px) 100vw, 235px\" \/><\/a><\/figure><\/div>\n\n\n\n<p>En la actualidad se usa el mismo escudo con la palabra ENA como sobrenombre y no como sigla ya que el establecimiento depende del Ministerio de Educaci\u00f3n de la Provincia de C\u00f3rdoba.<\/p>\n\n\n\n<hr class=\"wp-block-separator\"\/>\n\n\n\n<h3 class=\"wp-block-heading\">Historia de Nuestra Bandera<\/h3>\n\n\n\n<div class=\"wp-block-image\"><figure class=\"aligncenter\"><a href=\"http:\/\/www.ena.edu.ar\/wp\/wp-content\/uploads\/2019\/08\/bandera.jpg\"><img loading=\"lazy\" decoding=\"async\" width=\"1024\" height=\"768\" src=\"http:\/\/www.ena.edu.ar\/wp\/wp-content\/uploads\/2019\/08\/bandera-1024x768.jpg\" alt=\"\" class=\"wp-image-3081 colorbox-38\" srcset=\"https:\/\/www.ena.edu.ar\/wp\/wp-content\/uploads\/2019\/08\/bandera.jpg 1024w, https:\/\/www.ena.edu.ar\/wp\/wp-content\/uploads\/2019\/08\/bandera-300x225.jpg 300w, https:\/\/www.ena.edu.ar\/wp\/wp-content\/uploads\/2019\/08\/bandera-768x576.jpg 768w\" sizes=\"(max-width: 1024px) 100vw, 1024px\" \/><\/a><figcaption>Alumnos de la instituci\u00f3n con la bandera de fondo.<\/figcaption><\/figure><\/div>\n\n\n\n<p>El d\u00eda viernes 27 de agosto, en el marco de los festejos del 106 cumplea\u00f1os, se iz\u00f3 la bandera definitiva de nuestra escuela.<\/p>\n\n\n\n<p>Esta idea surgi\u00f3 como propuesta del centro de estudiante ante la variedad de banderas en uso en las que se combinaban los colores rojo, verde y blanco, de diferentes maneras, incluso las bandas en distintas direcciones.<\/p>\n\n\n\n<p>Luego de una elecci\u00f3n entre dos propuestas: ambas con tres franjas horizontales, una con los colores blanco, rojo y verde y la segunda opci\u00f3n con el blanco en la franja inferior. Para estas propuestas se consider\u00f3 los colores utilizados durante toda la historia de la instituci\u00f3n, rojo, verde y blanco; el orden de los colores en el escudo (arriba rojo, abajo verde) y la ubicaci\u00f3n de las franjas utilizadas predominantemente, de manera horizontal.<\/p>\n\n\n\n<p>La elecci\u00f3n fue realizada por los alumnos y personal de la escuela, resultando elegido, en un 80%, la segunda opci\u00f3n, es decir con las franjas dispuestas de arriba hacia abajo con los colores rojo, verde y blanco.<\/p>\n\n\n\n<p>Crear una bandera constituye un acto sublime en la vida, participar es un derecho y un leg\u00edtimo orgullo que ser\u00e1 guardado en la historia de nuestra escuela, que construye su futuro con valores propios que generan identidad y amor debido a lo que significa la elecci\u00f3n de este s\u00edmbolo para nuestra instituci\u00f3n, respetando nuestra historia y tradiciones<\/p>\n\n\n\n<p><span style=\"line-height: 1.714285714; font-size: 1rem;\">Esperamos haber hecho una correcta elecci\u00f3n que coincida con el sentir de todos los ex alumnos, personal docente y no docente que pas\u00f3 por nuestra querida ENA.<\/span><\/p>\n\n\n\n<hr class=\"wp-block-separator\"\/>\n\n\n\n<h3 class=\"wp-block-heading\">Biograf\u00eda Agr\u00f3nomo \u201cOrestes Chiesa Molinari\u201d<\/h3>\n\n\n\n<p>El 7 de septiembre de 1990, la escuela recibe el nombre de un destacado agr\u00f3nomo Cordob\u00e9s \u201cOrestes Chiesa Molinari\u201d &nbsp;en un acto que cont\u00f3 con la participaci\u00f3n de autoridades nacionales, provinciales, locales y familia del Agr\u00f3nomo fallecido<\/p>\n\n\n\n<p>Su nombre fue impuesto por una Resoluci\u00f3n Ministerial en honor a este agr\u00f3nomo destacado por su prol\u00edfica labor en el \u00e1mbito agropecuario. Fue Profesor de la Escuela Nacional de Agricultura de C\u00f3rdoba en la d\u00e9cada del 40, asesor del gobierno de la Provincia de C\u00f3rdoba, consultor de organismos internacionales en materia de plaguicidas y autor de numerosos trabajos de su especialidad.<\/p>\n\n\n\n<p><span style=\"line-height: 1.714285714; font-size: 1rem;\">La muerte lo sorprendi\u00f3 en 1964 como asesor del Ministerio de Agricultura y el INTA, y presidiendo la Federaci\u00f3n Argentina de T\u00e9cnicos Agropecuarios (FATA) entidad de la cual fue fundador. La escuela prosigue llevando con honor su nombre\u2026 I.P.E.A. 293 \u201cAgr. Orestes Chiesa Molinari\u201d.<\/span><\/p>\n","protected":false},"excerpt":{"rendered":"<p>El 27 de agosto de 1904 visionarios gobernantes vislumbraron la importancia de la educaci\u00f3n agropecuaria, proyect\u00e1ndose as\u00ed en la creaci\u00f3n&hellip;<\/p>\n","protected":false},"author":3,"featured_media":0,"parent":152,"menu_order":11,"comment_status":"closed","ping_status":"closed","template":"","meta":{"footnotes":""},"_links":{"self":[{"href":"https:\/\/www.ena.edu.ar\/wp\/wp-json\/wp\/v2\/pages\/38"}],"collection":[{"href":"https:\/\/www.ena.edu.ar\/wp\/wp-json\/wp\/v2\/pages"}],"about":[{"href":"https:\/\/www.ena.edu.ar\/wp\/wp-json\/wp\/v2\/types\/page"}],"author":[{"embeddable":true,"href":"https:\/\/www.ena.edu.ar\/wp\/wp-json\/wp\/v2\/users\/3"}],"replies":[{"embeddable":true,"href":"https:\/\/www.ena.edu.ar\/wp\/wp-json\/wp\/v2\/comments?post=38"}],"version-history":[{"count":8,"href":"https:\/\/www.ena.edu.ar\/wp\/wp-json\/wp\/v2\/pages\/38\/revisions"}],"predecessor-version":[{"id":3083,"href":"https:\/\/www.ena.edu.ar\/wp\/wp-json\/wp\/v2\/pages\/38\/revisions\/3083"}],"up":[{"embeddable":true,"href":"https:\/\/www.ena.edu.ar\/wp\/wp-json\/wp\/v2\/pages\/152"}],"wp:attachment":[{"href":"https:\/\/www.ena.edu.ar\/wp\/wp-json\/wp\/v2\/media?parent=38"}],"curies":[{"name":"wp","href":"https:\/\/api.w.org\/{rel}","templated":true}]}}