{"id":472,"date":"2010-04-26T17:48:55","date_gmt":"2010-04-26T20:48:55","guid":{"rendered":"http:\/\/www.ena.edu.ar\/wp\/?page_id=472"},"modified":"2019-10-07T14:38:57","modified_gmt":"2019-10-07T14:38:57","slug":"grupo-pro-restauracion-hotel-de-inmigrantes","status":"publish","type":"page","link":"https:\/\/www.ena.edu.ar\/wp\/about\/hotel-de-los-inmigrantes\/grupo-pro-restauracion-hotel-de-inmigrantes\/","title":{"rendered":"Grupo Pro Restauraci\u00f3n Hotel de Inmigrantes"},"content":{"rendered":"<p><strong>Grupo Pro Restauraci\u00f3n Hotel de Inmigrantes<\/strong><\/p>\n<p>En el a\u00f1o 2005, un peque\u00f1o grupo interesado en recuperar el edificio del Hotel de los Inmigrantes, inicia diversas reuniones, con el objetivo de trabajar en la recuperaci\u00f3n del inmueble, que actualmente ocupa nuestra escuela, el I.P.E.A. N\u00ba 293 \u201cAgr. Orestes Chiesa Molinari\u201d exENA.<\/p>\n<p>El d\u00eda 15 de septiembre de 2005, queda constituida la primera comisi\u00f3n del grupo Pro restauraci\u00f3n Hotel de Inmigrantes- Bell Ville y es desde entonces que el mismo, se dedica por una parte, a difundir en la comunidad de Bell Ville, el valor hist\u00f3rico y cultural del edificio ( a trav\u00e9s de la organizaci\u00f3n de visitas guiadas, charlas, cursos, etc.), y por otra a recaudar fondos para su recuperaci\u00f3n, obteniendo peque\u00f1os pero importantes logros como la restauraci\u00f3n de las galer\u00edas de uno de los patios.<\/p>\n<p>Una de las mayores satisfacciones del grupo fue obtener el reconocimiento del Hotel de Inmigrantes como Monumento Hist\u00f3rico Provincial (Decreto 1950).<\/p>\n<p>Para conocer el proyecto \u201c<strong>RECUPERACI\u00d3N DE PATRIMONIO CULTURAL \u2013 ARQUITECT\u00d3NICO: HOTEL DE INMIGRANTES, CIUDAD DE BELL VILLE<\/strong>\u201d, ver <a href=\"http:\/\/www.ena.edu.ar\/wp\/?page_id=92\"><strong>Proyectos<\/strong><\/a>. Todas las novedades se publican en los diferentes medios de comunicaci\u00f3n de Bell Ville y en este sitio\u00a0web.<\/p>\n<p><strong>\u00a0 \u00a0 \u00a0 \u00a0 \u00a0 \u00a0 \u00a0 Correo electr\u00f3nico para contacto con el grupo:<\/strong><\/p>\n<p>info@ena.edu.ar<\/p>\n<p style=\"text-align: left;\">\u00a0 \u00a0 \u00a0 \u00a0 \u00a0 \u00a0 \u00a0 \u00a0 \u00a0 <strong>\u00a0 \u00a0 Instagram:<\/strong>Hotel de Inmigrantes de Bell Ville<\/p>\n<p style=\"text-align: center;\"><a href=\"http:\/\/www.facebook.com\/group.php?v=info&amp;gid=111502708872293\" target=\"_blank\" rel=\"noopener noreferrer\"><strong>Grupo Pro Restauraci\u00f3n Hotel de Inmigrantes en Facebook<\/strong><\/a><\/p>\n<p style=\"text-align: center;\">\n<a href=\"http:\/\/www.facebook.com\/group.php?v=info&amp;gid=111502708872293\" target=\"_blank\" rel=\"noopener noreferrer\"><img loading=\"lazy\" decoding=\"async\" class=\"aligncenter colorbox-472\" title=\"Hotel de los Inmigrantes en Facebook\" src=\"http:\/\/www.ena.edu.ar\/wp\/wp-content\/uploads\/facebook_200.jpg\" alt=\"\" width=\"200\" height=\"53\" \/><\/a><\/p>\n","protected":false},"excerpt":{"rendered":"<p>Grupo Pro Restauraci\u00f3n Hotel de Inmigrantes En el a\u00f1o 2005, un peque\u00f1o grupo interesado en recuperar el edificio del Hotel&hellip;<\/p>\n","protected":false},"author":3,"featured_media":0,"parent":65,"menu_order":0,"comment_status":"closed","ping_status":"open","template":"","meta":{"footnotes":""},"_links":{"self":[{"href":"https:\/\/www.ena.edu.ar\/wp\/wp-json\/wp\/v2\/pages\/472"}],"collection":[{"href":"https:\/\/www.ena.edu.ar\/wp\/wp-json\/wp\/v2\/pages"}],"about":[{"href":"https:\/\/www.ena.edu.ar\/wp\/wp-json\/wp\/v2\/types\/page"}],"author":[{"embeddable":true,"href":"https:\/\/www.ena.edu.ar\/wp\/wp-json\/wp\/v2\/users\/3"}],"replies":[{"embeddable":true,"href":"https:\/\/www.ena.edu.ar\/wp\/wp-json\/wp\/v2\/comments?post=472"}],"version-history":[{"count":5,"href":"https:\/\/www.ena.edu.ar\/wp\/wp-json\/wp\/v2\/pages\/472\/revisions"}],"predecessor-version":[{"id":3176,"href":"https:\/\/www.ena.edu.ar\/wp\/wp-json\/wp\/v2\/pages\/472\/revisions\/3176"}],"up":[{"embeddable":true,"href":"https:\/\/www.ena.edu.ar\/wp\/wp-json\/wp\/v2\/pages\/65"}],"wp:attachment":[{"href":"https:\/\/www.ena.edu.ar\/wp\/wp-json\/wp\/v2\/media?parent=472"}],"curies":[{"name":"wp","href":"https:\/\/api.w.org\/{rel}","templated":true}]}}